{"id":1138,"date":"2021-02-10T16:23:53","date_gmt":"2021-02-10T16:23:53","guid":{"rendered":"https:\/\/gravymedal.com\/loja\/?page_id=1138"},"modified":"2021-03-22T10:21:04","modified_gmt":"2021-03-22T10:21:04","slug":"empresa","status":"publish","type":"page","link":"https:\/\/gravymedal.com\/loja\/empresa\/","title":{"rendered":"Empresa"},"content":{"rendered":"\n<p class=\"has-text-align-center\"><iframe loading=\"lazy\" src=\"https:\/\/www.youtube.com\/embed\/CQOcgWl6njs\" width=\"850\" height=\"450\" frameborder=\"0\" allowfullscreen=\"allowfullscreen\">&amp;lt;\/p><\/iframe><\/p>\n\n\n\n<h4 class=\"has-text-align-center\"><strong>PORQUE&nbsp;A&nbsp;GRAVYMEDAL&nbsp;SE&nbsp;DIFERENCIA<\/strong><\/h4>\n\n\n\n<p>A caminho da celebra\u00e7\u00e3o do seu primeiro centen\u00e1rio, a hist\u00f3ria da Gravymedal nunca se afastou dos valores: qualidade, design e servi\u00e7o. Fazem parte do ADN da marca, o servi\u00e7o e a experi\u00eancia, decorrentes da paix\u00e3o em criar designs de elevada qualidade, procurando respostas \u00fanicas e exclusivas a todos os desafios colocados pelos nossos parceiros.\u00a0<\/p>\n\n\n\n<p>A Gravymedal tem por miss\u00e3o criar pe\u00e7as que refletem emo\u00e7\u00e3o, est\u00e9tica e uma profunda valoriza\u00e7\u00e3o da cultura, resultando em designs intemporais, ricos em hist\u00f3rias, ainda que perfeitamente modernos.<\/p>\n\n\n\n<p> <\/p>\n\n\n\n<div style=\"height:100px\" aria-hidden=\"true\" class=\"wp-block-spacer\"><\/div>\n\n\n\n<hr class=\"wp-block-separator\"\/>\n\n\n\n<h4 class=\"has-text-align-center\"><strong>\u00c1REAS DE NEG\u00d3CIO<\/strong><\/h4>\n\n\n\n<div class=\"wp-block-columns\">\n<div class=\"wp-block-column is-vertically-aligned-center\">\n<h4 class=\"has-text-align-center\"><strong>Pr\u00e9mios e Trof\u00e9us<\/strong><\/h4>\n\n\n\n<figure class=\"wp-block-embed is-type-video is-provider-youtube wp-block-embed-youtube wp-embed-aspect-16-9 wp-has-aspect-ratio\"><div class=\"wp-block-embed__wrapper\">\n<iframe loading=\"lazy\" title=\"Gravymedal - Pr\u00e9mios e Trof\u00e9us\" width=\"870\" height=\"489\" src=\"https:\/\/www.youtube.com\/embed\/8ZbMBkPE5h0?feature=oembed\" frameborder=\"0\" allow=\"accelerometer; autoplay; clipboard-write; encrypted-media; gyroscope; picture-in-picture\" allowfullscreen><\/iframe>\n<\/div><\/figure>\n\n\n\n<h6 class=\"has-text-align-center\"><\/h6>\n<\/div>\n\n\n\n<div class=\"wp-block-column is-vertically-aligned-center\">\n<h4 class=\"has-text-align-center\"><strong>Impress\u00e3o<\/strong><\/h4>\n\n\n\n<figure class=\"wp-block-embed is-type-video is-provider-youtube wp-block-embed-youtube wp-embed-aspect-16-9 wp-has-aspect-ratio\"><div class=\"wp-block-embed__wrapper\">\n<iframe loading=\"lazy\" title=\"Gravymedal - Grava\u00e7\u00e3o\" width=\"870\" height=\"489\" src=\"https:\/\/www.youtube.com\/embed\/Vye1EX2RLeY?feature=oembed\" frameborder=\"0\" allow=\"accelerometer; autoplay; clipboard-write; encrypted-media; gyroscope; picture-in-picture\" allowfullscreen><\/iframe>\n<\/div><\/figure>\n\n\n\n<h6 class=\"has-text-align-center\"><\/h6>\n<\/div>\n\n\n\n<div class=\"wp-block-column is-vertically-aligned-center\">\n<h4 class=\"has-text-align-center\"><strong>Merchandising<\/strong><\/h4>\n\n\n\n<figure class=\"wp-block-embed is-type-video is-provider-youtube wp-block-embed-youtube wp-embed-aspect-16-9 wp-has-aspect-ratio\"><div class=\"wp-block-embed__wrapper\">\n<iframe loading=\"lazy\" title=\"Gravymedal - Merchandise\" width=\"870\" height=\"489\" src=\"https:\/\/www.youtube.com\/embed\/TjIEY7yWubA?feature=oembed\" frameborder=\"0\" allow=\"accelerometer; autoplay; clipboard-write; encrypted-media; gyroscope; picture-in-picture\" allowfullscreen><\/iframe>\n<\/div><\/figure>\n\n\n\n<h6 class=\"has-text-align-center\"><\/h6>\n<\/div>\n\n\n\n<div class=\"wp-block-column\">\n<h4 class=\"has-text-align-center\"><strong>Sinal\u00e9tica<\/strong><\/h4>\n\n\n\n<figure class=\"wp-block-embed is-type-video is-provider-youtube wp-block-embed-youtube wp-embed-aspect-16-9 wp-has-aspect-ratio\"><div class=\"wp-block-embed__wrapper\">\n<iframe loading=\"lazy\" title=\"Gravymedal - Sinal\u00e9tica\" width=\"870\" height=\"489\" src=\"https:\/\/www.youtube.com\/embed\/37DMye42FDo?feature=oembed\" frameborder=\"0\" allow=\"accelerometer; autoplay; clipboard-write; encrypted-media; gyroscope; picture-in-picture\" allowfullscreen><\/iframe>\n<\/div><\/figure>\n\n\n\n<h6 class=\"has-text-align-center\"><\/h6>\n<\/div>\n\n\n\n<div class=\"wp-block-column\">\n<h4 class=\"has-text-align-center\"><strong>Equip. Prote\u00e7\u00e3o<\/strong><\/h4>\n\n\n\n<figure class=\"wp-block-embed is-type-video is-provider-youtube wp-block-embed-youtube wp-embed-aspect-16-9 wp-has-aspect-ratio\"><div class=\"wp-block-embed__wrapper\">\n<iframe loading=\"lazy\" title=\"Gravymedal - Equipamentos Prote\u00e7\u00e3o\" width=\"870\" height=\"489\" src=\"https:\/\/www.youtube.com\/embed\/8iVixSOKuH4?feature=oembed\" frameborder=\"0\" allow=\"accelerometer; autoplay; clipboard-write; encrypted-media; gyroscope; picture-in-picture\" allowfullscreen><\/iframe>\n<\/div><\/figure>\n\n\n\n<h6 class=\"has-text-align-center\"><\/h6>\n<\/div>\n<\/div>\n\n\n\n<p><\/p>\n","protected":false},"excerpt":{"rendered":"<p>&amp;lt;\/p> PORQUE&nbsp;A&nbsp;GRAVYMEDAL&nbsp;SE&nbsp;DIFERENCIA A caminho da celebra\u00e7\u00e3o do seu primeiro centen\u00e1rio, a hist\u00f3ria da Gravymedal nunca se afastou dos valores: qualidade, design e servi\u00e7o. Fazem parte do ADN da marca, o servi\u00e7o e a experi\u00eancia, decorrentes da paix\u00e3o em criar designs de elevada qualidade, procurando respostas \u00fanicas e exclusivas a todos os desafios colocados pelos nossos [&hellip;]<\/p>\n","protected":false},"author":1,"featured_media":0,"parent":0,"menu_order":0,"comment_status":"closed","ping_status":"closed","template":"","meta":[],"_links":{"self":[{"href":"https:\/\/gravymedal.com\/loja\/wp-json\/wp\/v2\/pages\/1138"}],"collection":[{"href":"https:\/\/gravymedal.com\/loja\/wp-json\/wp\/v2\/pages"}],"about":[{"href":"https:\/\/gravymedal.com\/loja\/wp-json\/wp\/v2\/types\/page"}],"author":[{"embeddable":true,"href":"https:\/\/gravymedal.com\/loja\/wp-json\/wp\/v2\/users\/1"}],"replies":[{"embeddable":true,"href":"https:\/\/gravymedal.com\/loja\/wp-json\/wp\/v2\/comments?post=1138"}],"version-history":[{"count":31,"href":"https:\/\/gravymedal.com\/loja\/wp-json\/wp\/v2\/pages\/1138\/revisions"}],"predecessor-version":[{"id":1634,"href":"https:\/\/gravymedal.com\/loja\/wp-json\/wp\/v2\/pages\/1138\/revisions\/1634"}],"wp:attachment":[{"href":"https:\/\/gravymedal.com\/loja\/wp-json\/wp\/v2\/media?parent=1138"}],"curies":[{"name":"wp","href":"https:\/\/api.w.org\/{rel}","templated":true}]}}