{"id":1275,"date":"2021-02-17T11:02:23","date_gmt":"2021-02-17T11:02:23","guid":{"rendered":"https:\/\/gravymedal.com\/loja\/?page_id=1275"},"modified":"2021-10-04T16:24:29","modified_gmt":"2021-10-04T16:24:29","slug":"portfolio","status":"publish","type":"page","link":"https:\/\/gravymedal.com\/loja\/portfolio\/","title":{"rendered":"Portf\u00f3lio"},"content":{"rendered":"\n<div class=\"wp-container-1 wp-block-group\"><div class=\"wp-block-group__inner-container\">\n<blockquote class=\"wp-block-quote has-text-align-center is-style-default\"><p>&#8220;<span class=\"has-inline-color has-black-color\">Gostamos de mostrar ao mundo o que fazemos, logo, nada melhor que partilhar o nosso portf\u00f3lio. <\/span><br><span class=\"has-inline-color has-black-color\">Desde a criatividade ao design, produ\u00e7\u00e3o e montagem, asseguramos o processo do in\u00edcio ao fim.<\/span>&#8220;<\/p><\/blockquote>\n\n\n\n<hr class=\"wp-block-separator is-style-dots\"\/>\n\n\n\n<p><\/p>\n<\/div><\/div>\n\n\n\n<h4 class=\"has-text-align-center\"><strong>Galeria de Fotos<\/strong><\/h4>\n\n\n\n<div class=\"wp-block-columns\">\n<div class=\"wp-block-column\">\n<h4 class=\"has-text-align-center\"><strong>Pr\u00e9mios e Trof\u00e9us<\/strong><\/h4>\n\n\n\n<div class=\"wp-block-image\"><figure class=\"aligncenter size-thumbnail is-resized\"><a href=\"https:\/\/gravymedal.com\/loja\/portfolio-premios-e-trofeus\/\"><img loading=\"lazy\" src=\"https:\/\/gravymedal.com\/loja\/wp-content\/uploads\/2021\/02\/Triatlo-150x150.png\" alt=\"\" class=\"wp-image-1281\" width=\"160\" height=\"160\" srcset=\"https:\/\/gravymedal.com\/loja\/wp-content\/uploads\/2021\/02\/Triatlo-150x150.png 150w, https:\/\/gravymedal.com\/loja\/wp-content\/uploads\/2021\/02\/Triatlo-75x75.png 75w, https:\/\/gravymedal.com\/loja\/wp-content\/uploads\/2021\/02\/Triatlo-444x444.png 444w, https:\/\/gravymedal.com\/loja\/wp-content\/uploads\/2021\/02\/Triatlo-300x300.png 300w, https:\/\/gravymedal.com\/loja\/wp-content\/uploads\/2021\/02\/Triatlo-100x100.png 100w\" sizes=\"(max-width: 160px) 100vw, 160px\" \/><\/a><\/figure><\/div>\n<\/div>\n\n\n\n<div class=\"wp-block-column\">\n<h4 class=\"has-text-align-center\"><strong>Impress\u00e3o<\/strong><\/h4>\n\n\n\n<div class=\"wp-block-image\"><figure class=\"aligncenter size-large is-resized\"><a href=\"https:\/\/gravymedal.com\/loja\/portfolio-impressao\/\"><img loading=\"lazy\" src=\"https:\/\/gravymedal.com\/loja\/wp-content\/uploads\/2020\/08\/3-2.jpg\" alt=\"\" class=\"wp-image-309\" width=\"219\" height=\"186\"\/><\/a><\/figure><\/div>\n<\/div>\n\n\n\n<div class=\"wp-block-column\">\n<h4 class=\"has-text-align-center\"><strong>Merchandising<\/strong><\/h4>\n\n\n\n<div class=\"wp-block-image\"><figure class=\"aligncenter size-thumbnail is-resized\"><a href=\"https:\/\/gravymedal.com\/loja\/portfolio-merchandise\/\"><img loading=\"lazy\" src=\"https:\/\/gravymedal.com\/loja\/wp-content\/uploads\/2021\/02\/MERCHANDISING_EGEO05_GR-150x150.png\" alt=\"\" class=\"wp-image-1282\" width=\"160\" height=\"160\" srcset=\"https:\/\/gravymedal.com\/loja\/wp-content\/uploads\/2021\/02\/MERCHANDISING_EGEO05_GR-150x150.png 150w, https:\/\/gravymedal.com\/loja\/wp-content\/uploads\/2021\/02\/MERCHANDISING_EGEO05_GR-75x75.png 75w, https:\/\/gravymedal.com\/loja\/wp-content\/uploads\/2021\/02\/MERCHANDISING_EGEO05_GR-444x444.png 444w, https:\/\/gravymedal.com\/loja\/wp-content\/uploads\/2021\/02\/MERCHANDISING_EGEO05_GR-300x300.png 300w, https:\/\/gravymedal.com\/loja\/wp-content\/uploads\/2021\/02\/MERCHANDISING_EGEO05_GR-100x100.png 100w\" sizes=\"(max-width: 160px) 100vw, 160px\" \/><\/a><\/figure><\/div>\n<\/div>\n\n\n\n<div class=\"wp-block-column\">\n<h4 class=\"has-text-align-center\"><strong>Sinal\u00e9tica<\/strong><\/h4>\n\n\n\n<div class=\"wp-block-image\"><figure class=\"aligncenter size-thumbnail\"><a href=\"https:\/\/gravymedal.com\/loja\/portfolio-sinaletica\/\"><img loading=\"lazy\" width=\"150\" height=\"150\" src=\"https:\/\/gravymedal.com\/loja\/wp-content\/uploads\/2021\/02\/fixacao_tbn-150x150.jpg\" alt=\"\" class=\"wp-image-1283\" srcset=\"https:\/\/gravymedal.com\/loja\/wp-content\/uploads\/2021\/02\/fixacao_tbn-150x150.jpg 150w, https:\/\/gravymedal.com\/loja\/wp-content\/uploads\/2021\/02\/fixacao_tbn-300x300.jpg 300w, https:\/\/gravymedal.com\/loja\/wp-content\/uploads\/2021\/02\/fixacao_tbn-75x75.jpg 75w, https:\/\/gravymedal.com\/loja\/wp-content\/uploads\/2021\/02\/fixacao_tbn-444x444.jpg 444w, https:\/\/gravymedal.com\/loja\/wp-content\/uploads\/2021\/02\/fixacao_tbn-100x100.jpg 100w, https:\/\/gravymedal.com\/loja\/wp-content\/uploads\/2021\/02\/fixacao_tbn.jpg 600w\" sizes=\"(max-width: 150px) 100vw, 150px\" \/><\/a><\/figure><\/div>\n<\/div>\n\n\n\n<div class=\"wp-block-column\">\n<h4 class=\"has-text-align-center\"><strong>Equip. de Prote\u00e7\u00e3o<\/strong><\/h4>\n\n\n\n<div class=\"wp-block-image\"><figure class=\"aligncenter size-thumbnail is-resized\"><a href=\"https:\/\/gravymedal.com\/loja\/galeria-de-fotos-equipamentos-de-protecao\/\"><img loading=\"lazy\" src=\"https:\/\/gravymedal.com\/loja\/wp-content\/uploads\/2021\/02\/AUTOMOVEL1-1-150x150.png\" alt=\"\" class=\"wp-image-1162\" width=\"140\" height=\"140\" srcset=\"https:\/\/gravymedal.com\/loja\/wp-content\/uploads\/2021\/02\/AUTOMOVEL1-1-150x150.png 150w, https:\/\/gravymedal.com\/loja\/wp-content\/uploads\/2021\/02\/AUTOMOVEL1-1-75x75.png 75w, https:\/\/gravymedal.com\/loja\/wp-content\/uploads\/2021\/02\/AUTOMOVEL1-1-444x444.png 444w, https:\/\/gravymedal.com\/loja\/wp-content\/uploads\/2021\/02\/AUTOMOVEL1-1-300x300.png 300w, https:\/\/gravymedal.com\/loja\/wp-content\/uploads\/2021\/02\/AUTOMOVEL1-1-100x100.png 100w\" sizes=\"(max-width: 140px) 100vw, 140px\" \/><\/a><\/figure><\/div>\n\n\n\n<p><\/p>\n\n\n\n<p><\/p>\n<\/div>\n<\/div>\n\n\n\n<div style=\"height:100px\" aria-hidden=\"true\" class=\"wp-block-spacer\"><\/div>\n\n\n\n<h4 class=\"has-text-align-center\"><strong>Galeria de V\u00eddeos<\/strong><\/h4>\n\n\n\n<div class=\"wp-block-columns\">\n<div class=\"wp-block-column\">\n<h4 class=\"has-text-align-center\"><strong>Pr\u00e9mios e Trof\u00e9us<\/strong><\/h4>\n\n\n\n<figure class=\"wp-block-embed is-type-video is-provider-youtube wp-block-embed-youtube wp-embed-aspect-16-9 wp-has-aspect-ratio\"><div class=\"wp-block-embed__wrapper\">\n<iframe loading=\"lazy\" title=\"Gravymedal - Pr\u00e9mios e Trof\u00e9us\" width=\"870\" height=\"489\" src=\"https:\/\/www.youtube.com\/embed\/8ZbMBkPE5h0?feature=oembed\" frameborder=\"0\" allow=\"accelerometer; autoplay; clipboard-write; encrypted-media; gyroscope; picture-in-picture\" allowfullscreen><\/iframe>\n<\/div><\/figure>\n<\/div>\n\n\n\n<div class=\"wp-block-column\">\n<h4 class=\"has-text-align-center\"><strong>Impress\u00e3o<\/strong><\/h4>\n\n\n\n<figure class=\"wp-block-embed is-type-video is-provider-youtube wp-block-embed-youtube wp-embed-aspect-16-9 wp-has-aspect-ratio\"><div class=\"wp-block-embed__wrapper\">\n<iframe loading=\"lazy\" title=\"Gravymedal - Grava\u00e7\u00e3o\" width=\"870\" height=\"489\" src=\"https:\/\/www.youtube.com\/embed\/Vye1EX2RLeY?start=2&#038;feature=oembed\" frameborder=\"0\" allow=\"accelerometer; autoplay; clipboard-write; encrypted-media; gyroscope; picture-in-picture\" allowfullscreen><\/iframe>\n<\/div><\/figure>\n<\/div>\n\n\n\n<div class=\"wp-block-column\">\n<h4 class=\"has-text-align-center\"><strong>Merchandising<\/strong><\/h4>\n\n\n\n<figure class=\"wp-block-embed is-type-video is-provider-youtube wp-block-embed-youtube wp-embed-aspect-16-9 wp-has-aspect-ratio\"><div class=\"wp-block-embed__wrapper\">\n<iframe loading=\"lazy\" title=\"Gravymedal - Merchandise\" width=\"870\" height=\"489\" src=\"https:\/\/www.youtube.com\/embed\/TjIEY7yWubA?feature=oembed\" frameborder=\"0\" allow=\"accelerometer; autoplay; clipboard-write; encrypted-media; gyroscope; picture-in-picture\" allowfullscreen><\/iframe>\n<\/div><\/figure>\n<\/div>\n\n\n\n<div class=\"wp-block-column\">\n<h4 class=\"has-text-align-center\"><strong>Sinal\u00e9tica<\/strong><\/h4>\n\n\n\n<figure class=\"wp-block-embed is-type-video is-provider-youtube wp-block-embed-youtube wp-embed-aspect-16-9 wp-has-aspect-ratio\"><div class=\"wp-block-embed__wrapper\">\n<iframe loading=\"lazy\" title=\"Gravymedal - Sinal\u00e9tica\" width=\"870\" height=\"489\" src=\"https:\/\/www.youtube.com\/embed\/37DMye42FDo?feature=oembed\" frameborder=\"0\" allow=\"accelerometer; autoplay; clipboard-write; encrypted-media; gyroscope; picture-in-picture\" allowfullscreen><\/iframe>\n<\/div><\/figure>\n<\/div>\n\n\n\n<div class=\"wp-block-column\">\n<h4 class=\"has-text-align-center\"><strong>Equi. de Prote\u00e7\u00e3o<\/strong><\/h4>\n\n\n\n<figure class=\"wp-block-embed is-type-video is-provider-youtube wp-block-embed-youtube wp-embed-aspect-16-9 wp-has-aspect-ratio\"><div class=\"wp-block-embed__wrapper\">\n<iframe loading=\"lazy\" title=\"Gravymedal - Equipamentos Prote\u00e7\u00e3o\" width=\"870\" height=\"489\" src=\"https:\/\/www.youtube.com\/embed\/8iVixSOKuH4?feature=oembed\" frameborder=\"0\" allow=\"accelerometer; autoplay; clipboard-write; encrypted-media; gyroscope; picture-in-picture\" allowfullscreen><\/iframe>\n<\/div><\/figure>\n<\/div>\n<\/div>\n\n\n\n<p><\/p>\n","protected":false},"excerpt":{"rendered":"<p>&#8220;Gostamos de mostrar ao mundo o que fazemos, logo, nada melhor que partilhar o nosso portf\u00f3lio. Desde a criatividade ao design, produ\u00e7\u00e3o e montagem, asseguramos o processo do in\u00edcio ao fim.&#8220; Galeria de Fotos Pr\u00e9mios e Trof\u00e9us Impress\u00e3o Merchandising Sinal\u00e9tica Equip. de Prote\u00e7\u00e3o Galeria de V\u00eddeos Pr\u00e9mios e Trof\u00e9us Impress\u00e3o Merchandising Sinal\u00e9tica Equi. de Prote\u00e7\u00e3o<\/p>\n","protected":false},"author":1,"featured_media":0,"parent":0,"menu_order":0,"comment_status":"closed","ping_status":"closed","template":"","meta":[],"_links":{"self":[{"href":"https:\/\/gravymedal.com\/loja\/wp-json\/wp\/v2\/pages\/1275"}],"collection":[{"href":"https:\/\/gravymedal.com\/loja\/wp-json\/wp\/v2\/pages"}],"about":[{"href":"https:\/\/gravymedal.com\/loja\/wp-json\/wp\/v2\/types\/page"}],"author":[{"embeddable":true,"href":"https:\/\/gravymedal.com\/loja\/wp-json\/wp\/v2\/users\/1"}],"replies":[{"embeddable":true,"href":"https:\/\/gravymedal.com\/loja\/wp-json\/wp\/v2\/comments?post=1275"}],"version-history":[{"count":23,"href":"https:\/\/gravymedal.com\/loja\/wp-json\/wp\/v2\/pages\/1275\/revisions"}],"predecessor-version":[{"id":1912,"href":"https:\/\/gravymedal.com\/loja\/wp-json\/wp\/v2\/pages\/1275\/revisions\/1912"}],"wp:attachment":[{"href":"https:\/\/gravymedal.com\/loja\/wp-json\/wp\/v2\/media?parent=1275"}],"curies":[{"name":"wp","href":"https:\/\/api.w.org\/{rel}","templated":true}]}}