{"id":1037,"date":"2021-01-21T12:16:27","date_gmt":"2021-01-21T12:16:27","guid":{"rendered":"https:\/\/gravymedal.com\/loja\/?post_type=product&#038;p=1037"},"modified":"2023-07-17T12:05:23","modified_gmt":"2023-07-17T12:05:23","slug":"porta-canetas-acrilico","status":"publish","type":"product","link":"https:\/\/gravymedal.com\/loja\/produto\/porta-canetas-acrilico\/","title":{"rendered":"Porta Canetas"},"content":{"rendered":"","protected":false},"excerpt":{"rendered":"<p style=\"text-align: right;\">\n<p><strong>PORTA CANETAS \u2013 DESTAQUE A SUA MARCA<\/strong><br \/>\nPorta canetas em acr\u00edlico e PETG para manter a sua mesa de trabalho organizada. Armazena at\u00e9 20 esferogr\u00e1ficas e permite uma personaliza\u00e7\u00e3o em ambas as laterais. Adicione o seu log\u00f3tipo ou um design criativo e compre online o seu porta canetas.<\/p>\n<p><strong>Materiais:\u00a0<\/strong>Acr\u00edlico e PETG<br \/>\n<strong>Personaliza\u00e7\u00e3o:<\/strong>\u00a0Atrav\u00e9s de Impress\u00e3o UV<strong><br \/>\nPeso aproximado:\u00a0<\/strong>0,071 Kg<strong><br \/>\nDimens\u00e3o:\u00a0<\/strong>118x118mm<strong><br \/>\nFabrico:\u00a0<\/strong>Fabricado em Portugal<\/p>\n<p>&nbsp;<\/p>\n","protected":false},"featured_media":2876,"comment_status":"closed","ping_status":"closed","template":"","meta":[],"_links":{"self":[{"href":"https:\/\/gravymedal.com\/loja\/wp-json\/wp\/v2\/product\/1037"}],"collection":[{"href":"https:\/\/gravymedal.com\/loja\/wp-json\/wp\/v2\/product"}],"about":[{"href":"https:\/\/gravymedal.com\/loja\/wp-json\/wp\/v2\/types\/product"}],"replies":[{"embeddable":true,"href":"https:\/\/gravymedal.com\/loja\/wp-json\/wp\/v2\/comments?post=1037"}],"version-history":[{"count":3,"href":"https:\/\/gravymedal.com\/loja\/wp-json\/wp\/v2\/product\/1037\/revisions"}],"predecessor-version":[{"id":4336,"href":"https:\/\/gravymedal.com\/loja\/wp-json\/wp\/v2\/product\/1037\/revisions\/4336"}],"wp:featuredmedia":[{"embeddable":true,"href":"https:\/\/gravymedal.com\/loja\/wp-json\/wp\/v2\/media\/2876"}],"wp:attachment":[{"href":"https:\/\/gravymedal.com\/loja\/wp-json\/wp\/v2\/media?parent=1037"}],"curies":[{"name":"wp","href":"https:\/\/api.w.org\/{rel}","templated":true}]}}