{"id":1728,"date":"2021-04-08T14:18:38","date_gmt":"2021-04-08T14:18:38","guid":{"rendered":"https:\/\/gravymedal.com\/loja\/?post_type=product&#038;p=1728"},"modified":"2023-07-17T12:04:38","modified_gmt":"2023-07-17T12:04:38","slug":"suporte-telemovel-gm-st-md","status":"publish","type":"product","link":"https:\/\/gravymedal.com\/loja\/produto\/suporte-telemovel-gm-st-md\/","title":{"rendered":"Suporte Telem\u00f3vel em MDF"},"content":{"rendered":"","protected":false},"excerpt":{"rendered":"<p style=\"text-align: right;\">\n<p><strong>SUPORTE DE TELEM\u00d3VEL &#8211; PERSONALIZE AGORA<br \/>\n<\/strong>Realce a sua secret\u00e1ria ou mesa com este Suporte de Telem\u00f3vel. Produzido MDF, permite nivelar o \u00e2ngulo de posi\u00e7\u00e3o do dispositivo para um maior conforto nas rece\u00e7\u00e3o de v\u00eddeo chamadas ou leitura de notifica\u00e7\u00f5es. Perfeito para oferecer como presente especial ou entregar \u00e0 sua equipa. Adicione\u00a0 fotografia que deseja ou crie o seu pr\u00f3prio design personalizado.<\/p>\n<p><strong>Materiais:\u00a0<\/strong>MDF<br \/>\n<strong>Personaliza\u00e7\u00e3o:<\/strong>\u00a0Atrav\u00e9s de Impress\u00e3o UV<strong><br \/>\nPeso aproximado:\u00a0<\/strong>0,066 Kg<strong><br \/>\nDimens\u00e3o:<\/strong>80x175x105mm<strong><br \/>\nFabrico:\u00a0<\/strong>Fabricado em Portugal<\/p>\n<p>&nbsp;<\/p>\n","protected":false},"featured_media":2886,"comment_status":"closed","ping_status":"closed","template":"","meta":[],"_links":{"self":[{"href":"https:\/\/gravymedal.com\/loja\/wp-json\/wp\/v2\/product\/1728"}],"collection":[{"href":"https:\/\/gravymedal.com\/loja\/wp-json\/wp\/v2\/product"}],"about":[{"href":"https:\/\/gravymedal.com\/loja\/wp-json\/wp\/v2\/types\/product"}],"replies":[{"embeddable":true,"href":"https:\/\/gravymedal.com\/loja\/wp-json\/wp\/v2\/comments?post=1728"}],"version-history":[{"count":4,"href":"https:\/\/gravymedal.com\/loja\/wp-json\/wp\/v2\/product\/1728\/revisions"}],"predecessor-version":[{"id":4334,"href":"https:\/\/gravymedal.com\/loja\/wp-json\/wp\/v2\/product\/1728\/revisions\/4334"}],"wp:featuredmedia":[{"embeddable":true,"href":"https:\/\/gravymedal.com\/loja\/wp-json\/wp\/v2\/media\/2886"}],"wp:attachment":[{"href":"https:\/\/gravymedal.com\/loja\/wp-json\/wp\/v2\/media?parent=1728"}],"curies":[{"name":"wp","href":"https:\/\/api.w.org\/{rel}","templated":true}]}}