{"id":432,"date":"2020-11-11T11:56:56","date_gmt":"2020-11-11T10:56:56","guid":{"rendered":"https:\/\/gravymedal.com\/loja\/?post_type=product&#038;p=432"},"modified":"2023-07-17T10:32:32","modified_gmt":"2023-07-17T10:32:32","slug":"trofeu-wood-block","status":"publish","type":"product","link":"https:\/\/gravymedal.com\/loja\/produto\/trofeu-wood-block\/","title":{"rendered":"Trof\u00e9u Wood Block"},"content":{"rendered":"","protected":false},"excerpt":{"rendered":"<p style=\"text-align: right;\">\n<p><strong>TROF\u00c9U WOOD BLOCK \u2013 CRIE OS SEUS PR\u00c9MIOS ONLINE<\/strong><br \/>\nCom um design robusto e minimalista, o trof\u00e9u Wood Block \u00e9 composto por um bloco em madeira com 78mm de comprimento por 180mm de altura, com a base e detalhes em acr\u00edlico de 3mm de espessura. Permite uma personaliza\u00e7\u00e3o na frente e lateral do pr\u00e9mio. Adicione o seu design ou crie um design criativo na nossa loja.<\/p>\n<p><strong>Materiais: <\/strong>Madeira e Acr\u00edlico<br \/>\n<strong>Personaliza\u00e7\u00e3o:<\/strong>\u00a0Atrav\u00e9s de Impress\u00e3o UV<strong><br \/>\nPeso aproximado:\u00a0<\/strong>0,385 Kg<strong><br \/>\nDimens\u00e3o:\u00a0<\/strong>100x186mm<strong><br \/>\nFabrico:\u00a0<\/strong>Fabricado em Portugal<\/p>\n<p>&nbsp;<\/p>\n","protected":false},"featured_media":2842,"comment_status":"closed","ping_status":"closed","template":"","meta":[],"_links":{"self":[{"href":"https:\/\/gravymedal.com\/loja\/wp-json\/wp\/v2\/product\/432"}],"collection":[{"href":"https:\/\/gravymedal.com\/loja\/wp-json\/wp\/v2\/product"}],"about":[{"href":"https:\/\/gravymedal.com\/loja\/wp-json\/wp\/v2\/types\/product"}],"replies":[{"embeddable":true,"href":"https:\/\/gravymedal.com\/loja\/wp-json\/wp\/v2\/comments?post=432"}],"version-history":[{"count":4,"href":"https:\/\/gravymedal.com\/loja\/wp-json\/wp\/v2\/product\/432\/revisions"}],"predecessor-version":[{"id":4266,"href":"https:\/\/gravymedal.com\/loja\/wp-json\/wp\/v2\/product\/432\/revisions\/4266"}],"wp:featuredmedia":[{"embeddable":true,"href":"https:\/\/gravymedal.com\/loja\/wp-json\/wp\/v2\/media\/2842"}],"wp:attachment":[{"href":"https:\/\/gravymedal.com\/loja\/wp-json\/wp\/v2\/media?parent=432"}],"curies":[{"name":"wp","href":"https:\/\/api.w.org\/{rel}","templated":true}]}}