{"id":456,"date":"2020-11-14T17:13:35","date_gmt":"2020-11-14T16:13:35","guid":{"rendered":"https:\/\/gravymedal.com\/loja\/?post_type=product&#038;p=456"},"modified":"2023-07-17T13:37:54","modified_gmt":"2023-07-17T13:37:54","slug":"trofeu-grip","status":"publish","type":"product","link":"https:\/\/gravymedal.com\/loja\/produto\/trofeu-grip\/","title":{"rendered":"Trof\u00e9u Grip"},"content":{"rendered":"","protected":false},"excerpt":{"rendered":"<p><strong>TROF\u00c9U GRIP \u2013 CRIE OS SEUS PR\u00c9MIOS ONLINE<\/strong><br \/>\nTrof\u00e9u produzido em acr\u00edlico de 3mm de espessura, com 126mm de comprimento por 131mm de altura. Inclui um var\u00e3o de suporte em acr\u00edlico com 88mm de comprimento. O topo \u00e9 composto por uma pe\u00e7a com o formato em losango, dispon\u00edvel em diversas cores.\u00a0 Personalize online o seu Trof\u00e9u Grip, basta carregar o design ou personalizar atrav\u00e9s da nossa loja.<\/p>\n<p><strong>Materiais:\u00a0<\/strong>Acr\u00edlico<br \/>\n<strong>Inclui:<\/strong> Var\u00e3o de Suporte em Acr\u00edlico<br \/>\n<strong>Personaliza\u00e7\u00e3o:<\/strong>\u00a0Atrav\u00e9s de Impress\u00e3o UV<strong><br \/>\nPeso aproximado:\u00a0<\/strong>0,117 Kg<strong><br \/>\nDimens\u00e3o:\u00a0<\/strong>126x131mm<strong><br \/>\nFabrico:\u00a0<\/strong>Fabricado em Portugal<\/p>\n<p>&nbsp;<\/p>\n","protected":false},"featured_media":2825,"comment_status":"closed","ping_status":"closed","template":"","meta":[],"_links":{"self":[{"href":"https:\/\/gravymedal.com\/loja\/wp-json\/wp\/v2\/product\/456"}],"collection":[{"href":"https:\/\/gravymedal.com\/loja\/wp-json\/wp\/v2\/product"}],"about":[{"href":"https:\/\/gravymedal.com\/loja\/wp-json\/wp\/v2\/types\/product"}],"replies":[{"embeddable":true,"href":"https:\/\/gravymedal.com\/loja\/wp-json\/wp\/v2\/comments?post=456"}],"version-history":[{"count":4,"href":"https:\/\/gravymedal.com\/loja\/wp-json\/wp\/v2\/product\/456\/revisions"}],"predecessor-version":[{"id":2818,"href":"https:\/\/gravymedal.com\/loja\/wp-json\/wp\/v2\/product\/456\/revisions\/2818"}],"wp:featuredmedia":[{"embeddable":true,"href":"https:\/\/gravymedal.com\/loja\/wp-json\/wp\/v2\/media\/2825"}],"wp:attachment":[{"href":"https:\/\/gravymedal.com\/loja\/wp-json\/wp\/v2\/media?parent=456"}],"curies":[{"name":"wp","href":"https:\/\/api.w.org\/{rel}","templated":true}]}}