{"id":497,"date":"2020-11-18T13:27:49","date_gmt":"2020-11-18T13:27:49","guid":{"rendered":"https:\/\/gravymedal.com\/loja\/?post_type=product&#038;p=497"},"modified":"2023-07-17T13:38:31","modified_gmt":"2023-07-17T13:38:31","slug":"trofeu-smash","status":"publish","type":"product","link":"https:\/\/gravymedal.com\/loja\/produto\/trofeu-smash\/","title":{"rendered":"Trof\u00e9u Smash"},"content":{"rendered":"","protected":false},"excerpt":{"rendered":"<p><strong>TROF\u00c9U SMASH \u2013 CRIE OS SEUS PR\u00c9MIOS ONLINE<\/strong><br \/>\nTrof\u00e9u composto por duas pe\u00e7as em PVC de 3mm de espessura, suportado por um var\u00e3o em acr\u00edlico com 88mm de comprimento. Concebido com uma pe\u00e7a de 180mm de altura que possibilita uma personaliza\u00e7\u00e3o no topo e fundo do trof\u00e9u e uma segunda pe\u00e7a, sobreposta, com um formato circular que fornece uma posi\u00e7\u00e3o de destaque no seu design. Crie ou carregue o seu design personalizado.<\/p>\n<p><strong>Materiais:\u00a0<\/strong>PVC<br \/>\n<strong>Inclui:<\/strong> Var\u00e3o de Suporte em Acr\u00edlico<br \/>\n<strong>Personaliza\u00e7\u00e3o:<\/strong>\u00a0Atrav\u00e9s de Impress\u00e3o UV<strong><br \/>\nPeso aproximado:\u00a0<\/strong>0,070 Kg<strong><br \/>\nDimens\u00e3o:\u00a0<\/strong>118x180mm<strong><br \/>\nFabrico:\u00a0<\/strong>Fabricado em Portugal<\/p>\n<p>&nbsp;<\/p>\n","protected":false},"featured_media":2807,"comment_status":"closed","ping_status":"closed","template":"","meta":[],"_links":{"self":[{"href":"https:\/\/gravymedal.com\/loja\/wp-json\/wp\/v2\/product\/497"}],"collection":[{"href":"https:\/\/gravymedal.com\/loja\/wp-json\/wp\/v2\/product"}],"about":[{"href":"https:\/\/gravymedal.com\/loja\/wp-json\/wp\/v2\/types\/product"}],"replies":[{"embeddable":true,"href":"https:\/\/gravymedal.com\/loja\/wp-json\/wp\/v2\/comments?post=497"}],"version-history":[{"count":4,"href":"https:\/\/gravymedal.com\/loja\/wp-json\/wp\/v2\/product\/497\/revisions"}],"predecessor-version":[{"id":4352,"href":"https:\/\/gravymedal.com\/loja\/wp-json\/wp\/v2\/product\/497\/revisions\/4352"}],"wp:featuredmedia":[{"embeddable":true,"href":"https:\/\/gravymedal.com\/loja\/wp-json\/wp\/v2\/media\/2807"}],"wp:attachment":[{"href":"https:\/\/gravymedal.com\/loja\/wp-json\/wp\/v2\/media?parent=497"}],"curies":[{"name":"wp","href":"https:\/\/api.w.org\/{rel}","templated":true}]}}