{"id":501,"date":"2020-11-18T13:55:07","date_gmt":"2020-11-18T12:55:07","guid":{"rendered":"https:\/\/gravymedal.com\/loja\/?post_type=product&#038;p=501"},"modified":"2023-07-17T13:38:53","modified_gmt":"2023-07-17T13:38:53","slug":"trofeu-curvy","status":"publish","type":"product","link":"https:\/\/gravymedal.com\/loja\/produto\/trofeu-curvy\/","title":{"rendered":"Trof\u00e9u Curvy"},"content":{"rendered":"","protected":false},"excerpt":{"rendered":"<p><strong>TROF\u00c9U CURVY \u2013 CRIE OS SEUS PR\u00c9MIOS ONLINE<\/strong><br \/>\nCom um design ousado, o trof\u00e9u Curvy \u00e9 produzido em PVC com uma espessura de 3mm e suportado por um var\u00e3o em acr\u00edlico com 88mm de comprimento. Um pr\u00e9mio leve e com uma apar\u00eancia arrojada, \u00e9 indicado para destacar o seu evento ou marca. Submeta o seu design ou personalize diretamente na nossa Loja e ofere\u00e7a um trof\u00e9u original e exclusivo.<\/p>\n<p><strong>Materiais: <\/strong>PVC<br \/>\n<strong>Inclui:<\/strong> Var\u00e3o de Suporte em Acr\u00edlico<br \/>\n<strong>Personaliza\u00e7\u00e3o:<\/strong>\u00a0Atrav\u00e9s de Impress\u00e3o UV<strong><br \/>\nPeso aproximado:\u00a0<\/strong>0,057 Kg<strong><br \/>\nDimens\u00e3o: <\/strong>85x217mm<strong><br \/>\nFabrico:\u00a0<\/strong>Fabricado em Portugal<\/p>\n<p>&nbsp;<\/p>\n","protected":false},"featured_media":2804,"comment_status":"closed","ping_status":"closed","template":"","meta":[],"_links":{"self":[{"href":"https:\/\/gravymedal.com\/loja\/wp-json\/wp\/v2\/product\/501"}],"collection":[{"href":"https:\/\/gravymedal.com\/loja\/wp-json\/wp\/v2\/product"}],"about":[{"href":"https:\/\/gravymedal.com\/loja\/wp-json\/wp\/v2\/types\/product"}],"replies":[{"embeddable":true,"href":"https:\/\/gravymedal.com\/loja\/wp-json\/wp\/v2\/comments?post=501"}],"version-history":[{"count":4,"href":"https:\/\/gravymedal.com\/loja\/wp-json\/wp\/v2\/product\/501\/revisions"}],"predecessor-version":[{"id":4317,"href":"https:\/\/gravymedal.com\/loja\/wp-json\/wp\/v2\/product\/501\/revisions\/4317"}],"wp:featuredmedia":[{"embeddable":true,"href":"https:\/\/gravymedal.com\/loja\/wp-json\/wp\/v2\/media\/2804"}],"wp:attachment":[{"href":"https:\/\/gravymedal.com\/loja\/wp-json\/wp\/v2\/media?parent=501"}],"curies":[{"name":"wp","href":"https:\/\/api.w.org\/{rel}","templated":true}]}}