{"id":516,"date":"2020-11-18T17:02:30","date_gmt":"2020-11-18T17:02:30","guid":{"rendered":"https:\/\/gravymedal.com\/loja\/?post_type=product&#038;p=516"},"modified":"2023-07-17T13:37:22","modified_gmt":"2023-07-17T13:37:22","slug":"trofeu-fullback","status":"publish","type":"product","link":"https:\/\/gravymedal.com\/loja\/produto\/trofeu-fullback\/","title":{"rendered":"Trof\u00e9u Fullback"},"content":{"rendered":"","protected":false},"excerpt":{"rendered":"<p><strong>TROF\u00c9U FULLBACK \u2013 CRIE OS SEUS PR\u00c9MIOS ONLINE<\/strong><br \/>\nTrof\u00e9u produzido em acr\u00edlico dispon\u00edvel com diferentes acabamento para combinar com o seu evento ou marca. Base dispon\u00edvel com duas pe\u00e7as de acr\u00edlico, uma de 5mm e outra de 3mm, que possibilita a escolha da cor. Com um design inspirados em desportos de raquete, possu\u00ed uma dobra minuciosa que lhe proporciona um design \u00fanico e incompar\u00e1vel. Personalize online os seus trof\u00e9us.<\/p>\n<p><strong>Materiais:\u00a0<\/strong>Acr\u00edlico<br \/>\n<strong>Personaliza\u00e7\u00e3o:<\/strong>\u00a0Atrav\u00e9s de Impress\u00e3o UV<strong><br \/>\nPeso aproximado:\u00a0<\/strong>0,170 Kg<strong><br \/>\nDimens\u00e3o:\u00a0<\/strong>144x220mm<strong><br \/>\nFabrico:\u00a0<\/strong>Fabricado em Portugal<\/p>\n<p>&nbsp;<\/p>\n","protected":false},"featured_media":2830,"comment_status":"closed","ping_status":"closed","template":"","meta":[],"_links":{"self":[{"href":"https:\/\/gravymedal.com\/loja\/wp-json\/wp\/v2\/product\/516"}],"collection":[{"href":"https:\/\/gravymedal.com\/loja\/wp-json\/wp\/v2\/product"}],"about":[{"href":"https:\/\/gravymedal.com\/loja\/wp-json\/wp\/v2\/types\/product"}],"replies":[{"embeddable":true,"href":"https:\/\/gravymedal.com\/loja\/wp-json\/wp\/v2\/comments?post=516"}],"version-history":[{"count":4,"href":"https:\/\/gravymedal.com\/loja\/wp-json\/wp\/v2\/product\/516\/revisions"}],"predecessor-version":[{"id":2827,"href":"https:\/\/gravymedal.com\/loja\/wp-json\/wp\/v2\/product\/516\/revisions\/2827"}],"wp:featuredmedia":[{"embeddable":true,"href":"https:\/\/gravymedal.com\/loja\/wp-json\/wp\/v2\/media\/2830"}],"wp:attachment":[{"href":"https:\/\/gravymedal.com\/loja\/wp-json\/wp\/v2\/media?parent=516"}],"curies":[{"name":"wp","href":"https:\/\/api.w.org\/{rel}","templated":true}]}}