{"id":521,"date":"2020-11-18T17:25:57","date_gmt":"2020-11-18T16:25:57","guid":{"rendered":"https:\/\/gravymedal.com\/loja\/?post_type=product&#038;p=521"},"modified":"2023-07-17T13:37:05","modified_gmt":"2023-07-17T13:37:05","slug":"trofeu-axe","status":"publish","type":"product","link":"https:\/\/gravymedal.com\/loja\/produto\/trofeu-axe\/","title":{"rendered":"Trof\u00e9u Axe"},"content":{"rendered":"","protected":false},"excerpt":{"rendered":"<p><strong>TROF\u00c9U AXE \u2013 CRIE OS SEUS PR\u00c9MIOS ONLINE<\/strong><br \/>\nDesenvolvido com acr\u00edlico branco com 3mm de espessura, \u00e9 ideal para surpreender os participantes ou colaboradores com um design aut\u00eantico e eloquente. Assente numa base que composta por duas pe\u00e7as de acr\u00edlico, uma de 5mm e outra de 3mm, permite uma diversa escolha de cores para a base e detalhe do corpo do trof\u00e9u. Personalize online os seus trof\u00e9us.<\/p>\n<p><strong>Materiais: <\/strong>Acr\u00edlico<br \/>\n<strong>Personaliza\u00e7\u00e3o:<\/strong>\u00a0Atrav\u00e9s de Impress\u00e3o UV<strong><br \/>\nPeso aproximado:\u00a0<\/strong>0,147 Kg<strong><br \/>\nDimens\u00e3o:\u00a0<\/strong>108x217mm<strong><br \/>\nFabrico:\u00a0<\/strong>Fabricado em Portugal<\/p>\n<p>&nbsp;<\/p>\n","protected":false},"featured_media":2833,"comment_status":"closed","ping_status":"closed","template":"","meta":[],"_links":{"self":[{"href":"https:\/\/gravymedal.com\/loja\/wp-json\/wp\/v2\/product\/521"}],"collection":[{"href":"https:\/\/gravymedal.com\/loja\/wp-json\/wp\/v2\/product"}],"about":[{"href":"https:\/\/gravymedal.com\/loja\/wp-json\/wp\/v2\/types\/product"}],"replies":[{"embeddable":true,"href":"https:\/\/gravymedal.com\/loja\/wp-json\/wp\/v2\/comments?post=521"}],"version-history":[{"count":5,"href":"https:\/\/gravymedal.com\/loja\/wp-json\/wp\/v2\/product\/521\/revisions"}],"predecessor-version":[{"id":2052,"href":"https:\/\/gravymedal.com\/loja\/wp-json\/wp\/v2\/product\/521\/revisions\/2052"}],"wp:featuredmedia":[{"embeddable":true,"href":"https:\/\/gravymedal.com\/loja\/wp-json\/wp\/v2\/media\/2833"}],"wp:attachment":[{"href":"https:\/\/gravymedal.com\/loja\/wp-json\/wp\/v2\/media?parent=521"}],"curies":[{"name":"wp","href":"https:\/\/api.w.org\/{rel}","templated":true}]}}