{"id":570,"date":"2020-11-23T18:55:24","date_gmt":"2020-11-23T17:55:24","guid":{"rendered":"https:\/\/gravymedal.com\/loja\/?post_type=product&#038;p=570"},"modified":"2023-07-17T10:41:35","modified_gmt":"2023-07-17T10:41:35","slug":"trofeu-wave-cortica","status":"publish","type":"product","link":"https:\/\/gravymedal.com\/loja\/produto\/trofeu-wave-cortica\/","title":{"rendered":"Trof\u00e9u Wave &#8211; Corti\u00e7a"},"content":{"rendered":"","protected":false},"excerpt":{"rendered":"<p><strong>TROF\u00c9U WAVE FORRADO COM CORTI\u00c7A \u2013 CRIE OS SEUS PR\u00c9MIOS ONLINE<\/strong><br \/>\nTrof\u00e9u produzido em MDF de 3mm de espessura, forrado com folha de corti\u00e7a e com um var\u00e3o de suporte em madeira com 80mm de comprimento. Com um design inspirado no mar, o seu topo apresenta um efeito ondulado. Carregue um design ou personalize diretamente na nossa Loja.<\/p>\n<p><strong>Materiais:\u00a0<\/strong>MDF e Folha de Corti\u00e7a<br \/>\n<strong>Inclui:<\/strong> Var\u00e3o de Suporte em Madeira<br \/>\n<strong>Personaliza\u00e7\u00e3o:<\/strong>\u00a0Atrav\u00e9s de Impress\u00e3o UV<strong><br \/>\nPeso aproximado:\u00a0<\/strong>0,089 Kg<strong><br \/>\nDimens\u00e3o:\u00a0<\/strong>120x200mm<strong><br \/>\nFabrico:\u00a0<\/strong>Fabricado em Portugal<\/p>\n<p>&nbsp;<\/p>\n","protected":false},"featured_media":2790,"comment_status":"closed","ping_status":"closed","template":"","meta":[],"_links":{"self":[{"href":"https:\/\/gravymedal.com\/loja\/wp-json\/wp\/v2\/product\/570"}],"collection":[{"href":"https:\/\/gravymedal.com\/loja\/wp-json\/wp\/v2\/product"}],"about":[{"href":"https:\/\/gravymedal.com\/loja\/wp-json\/wp\/v2\/types\/product"}],"replies":[{"embeddable":true,"href":"https:\/\/gravymedal.com\/loja\/wp-json\/wp\/v2\/comments?post=570"}],"version-history":[{"count":4,"href":"https:\/\/gravymedal.com\/loja\/wp-json\/wp\/v2\/product\/570\/revisions"}],"predecessor-version":[{"id":4269,"href":"https:\/\/gravymedal.com\/loja\/wp-json\/wp\/v2\/product\/570\/revisions\/4269"}],"wp:featuredmedia":[{"embeddable":true,"href":"https:\/\/gravymedal.com\/loja\/wp-json\/wp\/v2\/media\/2790"}],"wp:attachment":[{"href":"https:\/\/gravymedal.com\/loja\/wp-json\/wp\/v2\/media?parent=570"}],"curies":[{"name":"wp","href":"https:\/\/api.w.org\/{rel}","templated":true}]}}