{"id":572,"date":"2020-11-23T18:58:12","date_gmt":"2020-11-23T17:58:12","guid":{"rendered":"https:\/\/gravymedal.com\/loja\/?post_type=product&#038;p=572"},"modified":"2023-07-17T10:43:57","modified_gmt":"2023-07-17T10:43:57","slug":"trofeu-aqua-cortica","status":"publish","type":"product","link":"https:\/\/gravymedal.com\/loja\/produto\/trofeu-aqua-cortica\/","title":{"rendered":"Trof\u00e9u Aqua &#8211; Corti\u00e7a"},"content":{"rendered":"","protected":false},"excerpt":{"rendered":"<p><strong>TROF\u00c9U AQUA FORRADO COM CORTI\u00c7A \u2013 CRIE OS SEUS PR\u00c9MIOS ONLINE<\/strong><br \/>\nTrof\u00e9u produzido em MDF de 3mm de espessura, forrado com folha de corti\u00e7a e com um var\u00e3o de suporte em madeira com 80mm de comprimento. Com um design que redireciona para o mar, permite criar configura\u00e7\u00f5es com padr\u00f5es \u00fanicos e exclusivos para qualquer modalidade ou empresa. Submeta o seu design ou crie o seu design online.<\/p>\n<p><strong>Materiais:\u00a0<\/strong>MDF e Folha de Corti\u00e7a<br \/>\n<strong>Inclui:<\/strong> Var\u00e3o de Suporte em Madeira<br \/>\n<strong>Personaliza\u00e7\u00e3o:<\/strong>\u00a0Atrav\u00e9s de Impress\u00e3o UV<strong><br \/>\nPeso aproximado:\u00a0<\/strong>0,089 Kg<strong><br \/>\nDimens\u00e3o:\u00a0<\/strong>115x200mm<strong><br \/>\nFabrico:\u00a0<\/strong>Fabricado em Portugal<\/p>\n","protected":false},"featured_media":2795,"comment_status":"closed","ping_status":"closed","template":"","meta":[],"_links":{"self":[{"href":"https:\/\/gravymedal.com\/loja\/wp-json\/wp\/v2\/product\/572"}],"collection":[{"href":"https:\/\/gravymedal.com\/loja\/wp-json\/wp\/v2\/product"}],"about":[{"href":"https:\/\/gravymedal.com\/loja\/wp-json\/wp\/v2\/types\/product"}],"replies":[{"embeddable":true,"href":"https:\/\/gravymedal.com\/loja\/wp-json\/wp\/v2\/comments?post=572"}],"version-history":[{"count":5,"href":"https:\/\/gravymedal.com\/loja\/wp-json\/wp\/v2\/product\/572\/revisions"}],"predecessor-version":[{"id":4258,"href":"https:\/\/gravymedal.com\/loja\/wp-json\/wp\/v2\/product\/572\/revisions\/4258"}],"wp:featuredmedia":[{"embeddable":true,"href":"https:\/\/gravymedal.com\/loja\/wp-json\/wp\/v2\/media\/2795"}],"wp:attachment":[{"href":"https:\/\/gravymedal.com\/loja\/wp-json\/wp\/v2\/media?parent=572"}],"curies":[{"name":"wp","href":"https:\/\/api.w.org\/{rel}","templated":true}]}}