{"id":573,"date":"2020-11-23T19:01:27","date_gmt":"2020-11-23T18:01:27","guid":{"rendered":"https:\/\/gravymedal.com\/loja\/?post_type=product&#038;p=573"},"modified":"2023-07-17T10:44:51","modified_gmt":"2023-07-17T10:44:51","slug":"trofeu-eco","status":"publish","type":"product","link":"https:\/\/gravymedal.com\/loja\/produto\/trofeu-eco\/","title":{"rendered":"Trof\u00e9u Eco"},"content":{"rendered":"","protected":false},"excerpt":{"rendered":"<p><strong>TROF\u00c9U ECO \u2013 CRIE OS SEUS PR\u00c9MIOS ONLINE<\/strong><br \/>\nCom foco na preserva\u00e7\u00e3o do meio ambiente, este trof\u00e9u \u00e9 produzido em MDF de 3mm de espessura, forrado com folha de corti\u00e7a e percalina, e inclui um var\u00e3o de suporte em madeira com 80mm de comprimento. Criado com materiais 100% recicl\u00e1veis, permite que entregue o reconhecimento merecido aos seus atletas ou colaboradores sem nunca abdicar dos valores de sustentabilidade da sua marca. Submeta o seu design ou crie o seu design personalizado online.<\/p>\n<p><strong>Materiais:\u00a0<\/strong>MDF, Percalina e Folha de Corti\u00e7a<br \/>\n<strong>Inclui:<\/strong> Var\u00e3o de Suporte em Madeira<br \/>\n<strong>Personaliza\u00e7\u00e3o:<\/strong>\u00a0Atrav\u00e9s de Impress\u00e3o UV<strong><br \/>\nPeso aproximado:\u00a0<\/strong>0,086 Kg<strong><br \/>\nDimens\u00e3o: <\/strong>98x200mm<strong><br \/>\nFabrico:\u00a0<\/strong>Fabricado em Portugal<\/p>\n<p>&nbsp;<\/p>\n","protected":false},"featured_media":2799,"comment_status":"closed","ping_status":"closed","template":"","meta":[],"_links":{"self":[{"href":"https:\/\/gravymedal.com\/loja\/wp-json\/wp\/v2\/product\/573"}],"collection":[{"href":"https:\/\/gravymedal.com\/loja\/wp-json\/wp\/v2\/product"}],"about":[{"href":"https:\/\/gravymedal.com\/loja\/wp-json\/wp\/v2\/types\/product"}],"replies":[{"embeddable":true,"href":"https:\/\/gravymedal.com\/loja\/wp-json\/wp\/v2\/comments?post=573"}],"version-history":[{"count":4,"href":"https:\/\/gravymedal.com\/loja\/wp-json\/wp\/v2\/product\/573\/revisions"}],"predecessor-version":[{"id":4271,"href":"https:\/\/gravymedal.com\/loja\/wp-json\/wp\/v2\/product\/573\/revisions\/4271"}],"wp:featuredmedia":[{"embeddable":true,"href":"https:\/\/gravymedal.com\/loja\/wp-json\/wp\/v2\/media\/2799"}],"wp:attachment":[{"href":"https:\/\/gravymedal.com\/loja\/wp-json\/wp\/v2\/media?parent=573"}],"curies":[{"name":"wp","href":"https:\/\/api.w.org\/{rel}","templated":true}]}}