{"id":618,"date":"2020-11-28T19:54:00","date_gmt":"2020-11-28T19:54:00","guid":{"rendered":"https:\/\/gravymedal.com\/loja\/?post_type=product&#038;p=618"},"modified":"2023-07-17T11:30:08","modified_gmt":"2023-07-17T11:30:08","slug":"placa-solidaria-medicos-de-portugal","status":"publish","type":"product","link":"https:\/\/gravymedal.com\/loja\/produto\/placa-solidaria-medicos-de-portugal\/","title":{"rendered":"Placa Solid\u00e1ria &#8211; Obrigado M\u00e9dicos de Portugal"},"content":{"rendered":"<p>&nbsp;<\/p>\n<p>&nbsp;<\/p>\n","protected":false},"excerpt":{"rendered":"<p style=\"text-align: right;\">\n<p><strong>PLACA SOLID\u00c1RIA \u2013 OBRIGADO M\u00c9DICOS DE PORTUGAL<\/strong><br \/>\nAs Placas Solid\u00e1rias t\u00eam como objetivo demostrar a gratid\u00e3o pelos que mais nos ajudaram durante um determinado per\u00edodo. Com a di\u00e1ria dedica\u00e7\u00e3o dos profissionais de sa\u00fade, chegou o momento de comprovar a gratid\u00e3o, carinho e admira\u00e7\u00e3o pelo seu m\u00e9dico, enfermeiro ou profissional de sa\u00fade merecedor desta placa. Personalize j\u00e1 a sua placa solid\u00e1ria.<\/p>\n<p><strong>Materiais: <\/strong>PVC<br \/>\n<strong>Personaliza\u00e7\u00e3o: <\/strong>Atrav\u00e9s de Impress\u00e3o UV<strong><br \/>\nPeso aproximado:\u00a0<\/strong>0,20 Kg<strong><br \/>\nDimens\u00e3o: <\/strong>100x80mm<strong><br \/>\nFabrico:\u00a0<\/strong>Fabricado em Portugal<\/p>\n<p>&nbsp;<\/p>\n","protected":false},"featured_media":626,"comment_status":"closed","ping_status":"closed","template":"","meta":[],"_links":{"self":[{"href":"https:\/\/gravymedal.com\/loja\/wp-json\/wp\/v2\/product\/618"}],"collection":[{"href":"https:\/\/gravymedal.com\/loja\/wp-json\/wp\/v2\/product"}],"about":[{"href":"https:\/\/gravymedal.com\/loja\/wp-json\/wp\/v2\/types\/product"}],"replies":[{"embeddable":true,"href":"https:\/\/gravymedal.com\/loja\/wp-json\/wp\/v2\/comments?post=618"}],"version-history":[{"count":4,"href":"https:\/\/gravymedal.com\/loja\/wp-json\/wp\/v2\/product\/618\/revisions"}],"predecessor-version":[{"id":2738,"href":"https:\/\/gravymedal.com\/loja\/wp-json\/wp\/v2\/product\/618\/revisions\/2738"}],"wp:featuredmedia":[{"embeddable":true,"href":"https:\/\/gravymedal.com\/loja\/wp-json\/wp\/v2\/media\/626"}],"wp:attachment":[{"href":"https:\/\/gravymedal.com\/loja\/wp-json\/wp\/v2\/media?parent=618"}],"curies":[{"name":"wp","href":"https:\/\/api.w.org\/{rel}","templated":true}]}}