{"id":893,"date":"2021-01-07T18:31:50","date_gmt":"2021-01-07T17:31:50","guid":{"rendered":"https:\/\/gravymedal.com\/loja\/?post_type=product&#038;p=893"},"modified":"2023-07-17T11:05:52","modified_gmt":"2023-07-17T11:05:52","slug":"capa-expositor-field","status":"publish","type":"product","link":"https:\/\/gravymedal.com\/loja\/produto\/capa-expositor-field\/","title":{"rendered":"Capa Expositor Field"},"content":{"rendered":"","protected":false},"excerpt":{"rendered":"<p style=\"text-align: right;\">\n<p><strong>CAPA EXPOSITOR COM CANTOS REDONDOS \u2013 PERSONALIZE ONLINE<\/strong><br \/>\nCapas Expositores s\u00e3o a escolha para brindar os vencedores do seu evento de uma forma econ\u00f3mica e diferenciada. Um pr\u00e9mio simples e pr\u00e1tico, que se transforma quando se abre e se coloca em forma de expositor. Personalize e Compre online as suas capas expositor.<\/p>\n<p><strong>Materiais:\u00a0<\/strong>Acr\u00edlico, Folha de Corti\u00e7a Percalina Vermelha e Percalina Branca<strong><br \/>\nPersonaliza\u00e7\u00e3o:\u00a0<\/strong>Atrav\u00e9s de Impress\u00e3o UV<strong><br \/>\nPeso aproximado:\u00a0<\/strong>0,128 Kg<strong><br \/>\nDimens\u00e3o:\u00a0<\/strong>120x150mm<strong><br \/>\nFabrico:\u00a0<\/strong>Fabricado em Portugal<\/p>\n<p>&nbsp;<\/p>\n","protected":false},"featured_media":2720,"comment_status":"closed","ping_status":"closed","template":"","meta":[],"_links":{"self":[{"href":"https:\/\/gravymedal.com\/loja\/wp-json\/wp\/v2\/product\/893"}],"collection":[{"href":"https:\/\/gravymedal.com\/loja\/wp-json\/wp\/v2\/product"}],"about":[{"href":"https:\/\/gravymedal.com\/loja\/wp-json\/wp\/v2\/types\/product"}],"replies":[{"embeddable":true,"href":"https:\/\/gravymedal.com\/loja\/wp-json\/wp\/v2\/comments?post=893"}],"version-history":[{"count":3,"href":"https:\/\/gravymedal.com\/loja\/wp-json\/wp\/v2\/product\/893\/revisions"}],"predecessor-version":[{"id":4291,"href":"https:\/\/gravymedal.com\/loja\/wp-json\/wp\/v2\/product\/893\/revisions\/4291"}],"wp:featuredmedia":[{"embeddable":true,"href":"https:\/\/gravymedal.com\/loja\/wp-json\/wp\/v2\/media\/2720"}],"wp:attachment":[{"href":"https:\/\/gravymedal.com\/loja\/wp-json\/wp\/v2\/media?parent=893"}],"curies":[{"name":"wp","href":"https:\/\/api.w.org\/{rel}","templated":true}]}}