{"id":971,"date":"2021-01-18T17:39:58","date_gmt":"2021-01-18T17:39:58","guid":{"rendered":"https:\/\/gravymedal.com\/loja\/?post_type=product&#038;p=971"},"modified":"2023-07-17T11:21:44","modified_gmt":"2023-07-17T11:21:44","slug":"estojo-cortica","status":"publish","type":"product","link":"https:\/\/gravymedal.com\/loja\/produto\/estojo-cortica\/","title":{"rendered":"Estojo Forrado em Corti\u00e7a"},"content":{"rendered":"","protected":false},"excerpt":{"rendered":"<p style=\"text-align: right;\">\n<p><strong>ESTOJO E EXPOSITOR FORRADO EM CORTI\u00c7A<br \/>\n<\/strong>Estojos\/expositores garantem uma forma diferente de premiar os seus atletas. Ideal para armazenar, expor e recordar os triunfos do evento, permite uma personaliza\u00e7\u00e3o no exterior e interior. Simples, pr\u00e1tico e elegante. Carregue um Design ou Personalize Online com a sua marca e informa\u00e7\u00f5es do seu evento.<\/p>\n<p><strong>Materiais:\u00a0<\/strong>MDF, EVA e Folha de Corti\u00e7a.<br \/>\n<strong>Personaliza\u00e7\u00e3o:<\/strong>\u00a0Atrav\u00e9s de Impress\u00e3o UV.<br \/>\n<strong>Peso aproximado<\/strong>: 0,117 Kg<br \/>\n<strong>Dimens\u00e3o<\/strong>: 98x176mm<br \/>\n<strong>Fabrico:<\/strong>\u00a0Fabricado em Portugal<\/p>\n<p>&nbsp;<\/p>\n","protected":false},"featured_media":2604,"comment_status":"closed","ping_status":"closed","template":"","meta":[],"_links":{"self":[{"href":"https:\/\/gravymedal.com\/loja\/wp-json\/wp\/v2\/product\/971"}],"collection":[{"href":"https:\/\/gravymedal.com\/loja\/wp-json\/wp\/v2\/product"}],"about":[{"href":"https:\/\/gravymedal.com\/loja\/wp-json\/wp\/v2\/types\/product"}],"replies":[{"embeddable":true,"href":"https:\/\/gravymedal.com\/loja\/wp-json\/wp\/v2\/comments?post=971"}],"version-history":[{"count":4,"href":"https:\/\/gravymedal.com\/loja\/wp-json\/wp\/v2\/product\/971\/revisions"}],"predecessor-version":[{"id":4297,"href":"https:\/\/gravymedal.com\/loja\/wp-json\/wp\/v2\/product\/971\/revisions\/4297"}],"wp:featuredmedia":[{"embeddable":true,"href":"https:\/\/gravymedal.com\/loja\/wp-json\/wp\/v2\/media\/2604"}],"wp:attachment":[{"href":"https:\/\/gravymedal.com\/loja\/wp-json\/wp\/v2\/media?parent=971"}],"curies":[{"name":"wp","href":"https:\/\/api.w.org\/{rel}","templated":true}]}}